{"id":3457,"date":"2021-08-31T07:57:25","date_gmt":"2021-08-31T07:57:25","guid":{"rendered":"https:\/\/pipecloud.fi\/pipecloud-loesungen-nach-rollen\/"},"modified":"2026-04-14T11:43:29","modified_gmt":"2026-04-14T11:43:29","slug":"losungen-nach-rollen","status":"publish","type":"page","link":"https:\/\/pipecloud.fi\/de\/losungen-nach-rollen\/","title":{"rendered":"PipeCloud-L\u00f6sungen nach Rollen"},"content":{"rendered":"\n<p class=\"has-text-align-center\">Wie PipeCloud verschiedene Rollen in der Rohrvorfertigung f\u00fcr eine schnellere, intelligentere Produktion unterst\u00fctzt.<\/p>\n","protected":false},"excerpt":{"rendered":"<p>Wie PipeCloud verschiedene Rollen in der Rohrvorfertigung f\u00fcr eine schnellere, intelligentere Produktion unterst\u00fctzt.<\/p>\n","protected":false},"author":1,"featured_media":0,"parent":0,"menu_order":0,"comment_status":"closed","ping_status":"closed","template":"templates\/custom-taxonomy-tersm-list.php","meta":{"_acf_changed":true,"_improvement_type_select":"improve_an_existing","_thumb_yes_seoaic":false,"_frame_yes_seoaic":false,"seoaic_generate_description":"","seoaic_improve_instructions_prompt":"","seoaic_rollback_content_improvement":"","seoaic_idea_thumbnail_generator":"","thumbnail_generated":false,"thumbnail_generate_prompt":"","seoaic_article_description":"","inline_featured_image":false,"_genesis_block_theme_hide_title":true,"footnotes":""},"class_list":["post-3457","page","type-page","status-publish","hentry","post","without-featured-image"],"acf":[],"yoast_head":"<!-- This site is optimized with the Yoast SEO plugin v27.4 - https:\/\/yoast.com\/product\/yoast-seo-wordpress\/ -->\n<title>PipeCloud f\u00fcr verschiedene Rollen | L\u00f6sungen f\u00fcr die Rohrvorfertigung<\/title>\n<meta name=\"description\" content=\"PipeCloud unterst\u00fctzt alle Rollen in der Rohrvorfertigung, einschlie\u00dflich Management, Angebotskalkulation, Werkstattmitarbeiter und Produktionsplanung.\" \/>\n<meta name=\"robots\" content=\"index, follow, max-snippet:-1, max-image-preview:large, max-video-preview:-1\" \/>\n<link rel=\"canonical\" href=\"https:\/\/pipecloud.fi\/de\/losungen-nach-rollen\/\" \/>\n<meta property=\"og:locale\" content=\"de_DE\" \/>\n<meta property=\"og:type\" content=\"article\" \/>\n<meta property=\"og:title\" content=\"PipeCloud f\u00fcr verschiedene Rollen | L\u00f6sungen f\u00fcr die Rohrvorfertigung\" \/>\n<meta property=\"og:description\" content=\"PipeCloud unterst\u00fctzt alle Rollen in der Rohrvorfertigung, einschlie\u00dflich Management, Angebotskalkulation, Werkstattmitarbeiter und Produktionsplanung.\" \/>\n<meta property=\"og:url\" content=\"https:\/\/pipecloud.fi\/de\/losungen-nach-rollen\/\" \/>\n<meta property=\"og:site_name\" content=\"PipeCloud\" \/>\n<meta property=\"article:modified_time\" content=\"2026-04-14T11:43:29+00:00\" \/>\n<meta name=\"twitter:card\" content=\"summary_large_image\" \/>\n<meta name=\"twitter:label1\" content=\"Gesch\u00e4tzte Lesezeit\" \/>\n\t<meta name=\"twitter:data1\" content=\"1\u00a0Minute\" \/>\n<!-- \/ Yoast SEO plugin. -->","yoast_head_json":{"title":"PipeCloud f\u00fcr verschiedene Rollen | L\u00f6sungen f\u00fcr die Rohrvorfertigung","description":"PipeCloud unterst\u00fctzt alle Rollen in der Rohrvorfertigung, einschlie\u00dflich Management, Angebotskalkulation, Werkstattmitarbeiter und Produktionsplanung.","robots":{"index":"index","follow":"follow","max-snippet":"max-snippet:-1","max-image-preview":"max-image-preview:large","max-video-preview":"max-video-preview:-1"},"canonical":"https:\/\/pipecloud.fi\/de\/losungen-nach-rollen\/","og_locale":"de_DE","og_type":"article","og_title":"PipeCloud f\u00fcr verschiedene Rollen | L\u00f6sungen f\u00fcr die Rohrvorfertigung","og_description":"PipeCloud unterst\u00fctzt alle Rollen in der Rohrvorfertigung, einschlie\u00dflich Management, Angebotskalkulation, Werkstattmitarbeiter und Produktionsplanung.","og_url":"https:\/\/pipecloud.fi\/de\/losungen-nach-rollen\/","og_site_name":"PipeCloud","article_modified_time":"2026-04-14T11:43:29+00:00","twitter_card":"summary_large_image","twitter_misc":{"Gesch\u00e4tzte Lesezeit":"1\u00a0Minute"},"schema":{"@context":"https:\/\/schema.org","@graph":[{"@type":"WebPage","@id":"https:\/\/pipecloud.fi\/de\/losungen-nach-rollen\/","url":"https:\/\/pipecloud.fi\/de\/losungen-nach-rollen\/","name":"PipeCloud f\u00fcr verschiedene Rollen | L\u00f6sungen f\u00fcr die Rohrvorfertigung","isPartOf":{"@id":"https:\/\/pipecloud.fi\/de\/#website"},"datePublished":"2021-08-31T07:57:25+00:00","dateModified":"2026-04-14T11:43:29+00:00","description":"PipeCloud unterst\u00fctzt alle Rollen in der Rohrvorfertigung, einschlie\u00dflich Management, Angebotskalkulation, Werkstattmitarbeiter und Produktionsplanung.","breadcrumb":{"@id":"https:\/\/pipecloud.fi\/de\/losungen-nach-rollen\/#breadcrumb"},"inLanguage":"de","potentialAction":[{"@type":"ReadAction","target":["https:\/\/pipecloud.fi\/de\/losungen-nach-rollen\/"]}]},{"@type":"BreadcrumbList","@id":"https:\/\/pipecloud.fi\/de\/losungen-nach-rollen\/#breadcrumb","itemListElement":[{"@type":"ListItem","position":1,"name":"Home","item":"https:\/\/pipecloud.fi\/de\/"},{"@type":"ListItem","position":2,"name":"PipeCloud-L\u00f6sungen nach Rollen"}]},{"@type":"WebSite","@id":"https:\/\/pipecloud.fi\/de\/#website","url":"https:\/\/pipecloud.fi\/de\/","name":"PipeCloud","description":"PipeCloud is production software purpose-built for pipe prefabrication. PipeCloud helps workshops, shipyards, and EPCs boost productivity, reduce waste, and gain real-time control over their entire process through a centralized, cloud-hosted solution.","publisher":{"@id":"https:\/\/pipecloud.fi\/de\/#organization"},"potentialAction":[{"@type":"SearchAction","target":{"@type":"EntryPoint","urlTemplate":"https:\/\/pipecloud.fi\/de\/?s={search_term_string}"},"query-input":{"@type":"PropertyValueSpecification","valueRequired":true,"valueName":"search_term_string"}}],"inLanguage":"de"},{"@type":"Organization","@id":"https:\/\/pipecloud.fi\/de\/#organization","name":"PipeCloud OY","url":"https:\/\/pipecloud.fi\/de\/","logo":{"@type":"ImageObject","inLanguage":"de","@id":"https:\/\/pipecloud.fi\/de\/#\/schema\/logo\/image\/","url":"https:\/\/pipecloud.fi\/wp-content\/uploads\/2025\/12\/favicon.png","contentUrl":"https:\/\/pipecloud.fi\/wp-content\/uploads\/2025\/12\/favicon.png","width":512,"height":512,"caption":"PipeCloud OY"},"image":{"@id":"https:\/\/pipecloud.fi\/de\/#\/schema\/logo\/image\/"},"sameAs":["https:\/\/fi.linkedin.com\/company\/pipecloud","https:\/\/www.youtube.com\/channel\/UCAy3aDJZcw_wcpD4UQKi1yQ"]}]}},"featured_image_src":null,"featured_image_src_square":null,"_links":{"self":[{"href":"https:\/\/pipecloud.fi\/de\/wp-json\/wp\/v2\/pages\/3457","targetHints":{"allow":["GET"]}}],"collection":[{"href":"https:\/\/pipecloud.fi\/de\/wp-json\/wp\/v2\/pages"}],"about":[{"href":"https:\/\/pipecloud.fi\/de\/wp-json\/wp\/v2\/types\/page"}],"author":[{"embeddable":true,"href":"https:\/\/pipecloud.fi\/de\/wp-json\/wp\/v2\/users\/1"}],"replies":[{"embeddable":true,"href":"https:\/\/pipecloud.fi\/de\/wp-json\/wp\/v2\/comments?post=3457"}],"version-history":[{"count":0,"href":"https:\/\/pipecloud.fi\/de\/wp-json\/wp\/v2\/pages\/3457\/revisions"}],"wp:attachment":[{"href":"https:\/\/pipecloud.fi\/de\/wp-json\/wp\/v2\/media?parent=3457"}],"curies":[{"name":"wp","href":"https:\/\/api.w.org\/{rel}","templated":true}]}}