{"id":3458,"date":"2021-08-27T12:20:49","date_gmt":"2021-08-27T12:20:49","guid":{"rendered":"https:\/\/pipecloud.fi\/was-ist-rohrvorfertigung\/"},"modified":"2026-04-14T08:46:49","modified_gmt":"2026-04-14T08:46:49","slug":"phasen","status":"publish","type":"page","link":"https:\/\/pipecloud.fi\/de\/phasen\/","title":{"rendered":"Was ist Rohrvorfertigung?"},"content":{"rendered":"\n<p>Rohrvorfertigung bedeutet, Rohrleitungsabschnitte in einer Werkstatt statt auf der Baustelle zu fertigen. Dieser Ansatz erm\u00f6glicht den Einsatz besserer Werkzeuge und kontrollierter Arbeitsbedingungen. Dadurch steigt die Produktivit\u00e4t, die Qualit\u00e4t verbessert sich und die Montagezeit vor Ort wird reduziert.<\/p>\n\n<h2 class=\"wp-block-heading\">Die Herausforderung der Einzigartigkeit<\/h2>\n\n<div class=\"wp-block-genesis-blocks-gb-columns gb-layout-columns-2 gb-2-col-equal\"><div class=\"gb-layout-column-wrap gb-block-layout-column-gap-2 gb-is-responsive-column\">\n<div class=\"wp-block-genesis-blocks-gb-column gb-block-layout-column\"><div class=\"gb-block-layout-column-inner\">\n<p>Jeder vorgefertigte Rohrspool ist in der Regel ein Unikat. Daher produzieren Rohrvorfertigungswerkst\u00e4tten ein hohes Volumen einzigartiger Produkte statt gro\u00dfer Mengen identischer Teile. Dieses Produktionsmodell macht generische Manufacturing Execution Systems (MES) f\u00fcr diese Aufgabe wenig geeignet. Stattdessen erfordert die Rohrvorfertigung ein speziell daf\u00fcr entwickeltes System, das genau auf diese Art von Arbeit ausgelegt ist.<\/p>\n\n\n\n<p>PipeCloud l\u00f6st diese Herausforderung, indem es die Spool-Struktur und die erforderlichen Arbeitsphasen automatisch aus isometrischen Zeichnungen extrahiert \u2013 konkret aus PCF-Dateien. PCF ist ein Standard-Exportformat, das von den meisten 3D-Rohrleitungsdesign-CAD-Systemen verwendet wird.<\/p>\n<\/div><\/div>\n\n\n\n<div class=\"wp-block-genesis-blocks-gb-column gb-block-layout-column\"><div class=\"gb-block-layout-column-inner\"><div class=\"wp-block-image is-resized\">\n<figure class=\"aligncenter size-large\"><img loading=\"lazy\" decoding=\"async\" width=\"1024\" height=\"521\" src=\"https:\/\/pipecloud.fi\/wp-content\/uploads\/2021\/09\/Spool-Structure-1024x521.png\" alt=\"\" class=\"wp-image-1271\" srcset=\"https:\/\/pipecloud.fi\/wp-content\/uploads\/2021\/09\/Spool-Structure-1024x521.png 1024w, https:\/\/pipecloud.fi\/wp-content\/uploads\/2021\/09\/Spool-Structure-300x153.png 300w, https:\/\/pipecloud.fi\/wp-content\/uploads\/2021\/09\/Spool-Structure-768x391.png 768w, https:\/\/pipecloud.fi\/wp-content\/uploads\/2021\/09\/Spool-Structure-1536x782.png 1536w, https:\/\/pipecloud.fi\/wp-content\/uploads\/2021\/09\/Spool-Structure-2048x1042.png 2048w, https:\/\/pipecloud.fi\/wp-content\/uploads\/2021\/09\/Spool-Structure-1200x611.png 1200w, https:\/\/pipecloud.fi\/wp-content\/uploads\/2021\/09\/Spool-Structure-1400x712.png 1400w\" sizes=\"auto, (max-width: 1024px) 100vw, 1024px\" \/><figcaption class=\"wp-element-caption\">Beispiel einer aus einer isometrischen PCF-Datei extrahierten Spool-Struktur. <\/figcaption><\/figure>\n<\/div><\/div><\/div>\n<\/div><\/div>\n\n<h2 class=\"wp-block-heading\">Von der Konstruktion zur Ausf\u00fchrung<\/h2>\n\n<p>Die Rohrfertigung l\u00e4sst sich in unabh\u00e4ngige Teilprozesse unterteilen, sodass Werkst\u00e4tten serielle Produktionsmethoden anwenden k\u00f6nnen \u2013 selbst bei Einzelst\u00fcck-Spools. Diese Arbeitsphasen lassen sich in zwei Hauptkategorien einteilen:<\/p>\n\n<ul class=\"wp-block-list\">\n<li><strong>Komponentenphasen<\/strong> wie Schneiden, Biegen, Plasmaschneiden und Materialkommissionierung<\/li>\n\n\n\n<li><strong>Montagephasen<\/strong>, die Aufgaben auf Spool-Ebene umfassen, wie Heften, Schwei\u00dfen und Versandvorbereitung<\/li>\n<\/ul>\n\n<p>Jede dieser Phasen erfordert unterschiedliche Arten von Informationen. PipeCloud extrahiert automatisch alle erforderlichen Daten aus isometrischen Zeichnungen und Engineering-Metadaten und erm\u00f6glicht so eine pr\u00e4zise Planung und eine optimierte Ausf\u00fchrung \u00fcber den gesamten Workflow hinweg.<\/p>\n<div class=\"wp-block-image is-resized\">\n<figure class=\"aligncenter size-large\"><img loading=\"lazy\" decoding=\"async\" width=\"1024\" height=\"106\" src=\"https:\/\/pipecloud.fi\/wp-content\/uploads\/2021\/09\/Workphases-1024x106.png\" alt=\"\" class=\"wp-image-1414\" srcset=\"https:\/\/pipecloud.fi\/wp-content\/uploads\/2021\/09\/Workphases-1024x106.png 1024w, https:\/\/pipecloud.fi\/wp-content\/uploads\/2021\/09\/Workphases-300x31.png 300w, https:\/\/pipecloud.fi\/wp-content\/uploads\/2021\/09\/Workphases-768x80.png 768w, https:\/\/pipecloud.fi\/wp-content\/uploads\/2021\/09\/Workphases-1200x124.png 1200w, https:\/\/pipecloud.fi\/wp-content\/uploads\/2021\/09\/Workphases-1400x145.png 1400w, https:\/\/pipecloud.fi\/wp-content\/uploads\/2021\/09\/Workphases.png 1420w\" sizes=\"auto, (max-width: 1024px) 100vw, 1024px\" \/><figcaption class=\"wp-element-caption\">Arbeitsphasen als unabh\u00e4ngige Teilprozesse, unterteilt in Komponenten- und Montagephasen.<\/figcaption><\/figure>\n<\/div>","protected":false},"excerpt":{"rendered":"<p>Erfahren Sie, wie Rohrvorfertigung funktioniert und warum herk\u00f6mmliche MES-Tools daf\u00fcr nicht ausreichen. Sehen Sie, wie PipeCloud isometrische Zeichnungen in strukturierte Workflows \u00fcberf\u00fchrt und so eine effiziente, hochwertige Fertigung einzigartiger Rohrspools erm\u00f6glicht.<\/p>\n","protected":false},"author":1,"featured_media":0,"parent":0,"menu_order":0,"comment_status":"closed","ping_status":"closed","template":"templates\/custom-taxonomy-tersm-list.php","meta":{"_acf_changed":true,"_improvement_type_select":"improve_an_existing","_thumb_yes_seoaic":false,"_frame_yes_seoaic":false,"seoaic_generate_description":"","seoaic_improve_instructions_prompt":"","seoaic_rollback_content_improvement":"","seoaic_idea_thumbnail_generator":"","thumbnail_generated":false,"thumbnail_generate_prompt":"","seoaic_article_description":"","inline_featured_image":false,"_genesis_block_theme_hide_title":false,"footnotes":""},"class_list":["post-3458","page","type-page","status-publish","hentry","post","without-featured-image"],"acf":[],"yoast_head":"<!-- This site is optimized with the Yoast SEO plugin v27.4 - https:\/\/yoast.com\/product\/yoast-seo-wordpress\/ -->\n<title>Was ist Rohrvorfertigung? - PipeCloud<\/title>\n<meta name=\"description\" content=\"PipeCloud verwandelt isometrische Zeichnungen in strukturierte Workflows und bringt die Effizienz der Massenfertigung in die Vorfertigung einzigartiger Rohrspools.\" \/>\n<meta name=\"robots\" content=\"index, follow, max-snippet:-1, max-image-preview:large, max-video-preview:-1\" \/>\n<link rel=\"canonical\" href=\"https:\/\/pipecloud.fi\/de\/phasen\/\" \/>\n<meta property=\"og:locale\" content=\"de_DE\" \/>\n<meta property=\"og:type\" content=\"article\" \/>\n<meta property=\"og:title\" content=\"Was ist Rohrvorfertigung? - PipeCloud\" \/>\n<meta property=\"og:description\" content=\"PipeCloud verwandelt isometrische Zeichnungen in strukturierte Workflows und bringt die Effizienz der Massenfertigung in die Vorfertigung einzigartiger Rohrspools.\" \/>\n<meta property=\"og:url\" content=\"https:\/\/pipecloud.fi\/de\/phasen\/\" \/>\n<meta property=\"og:site_name\" content=\"PipeCloud\" \/>\n<meta property=\"article:modified_time\" content=\"2026-04-14T08:46:49+00:00\" \/>\n<meta property=\"og:image\" content=\"https:\/\/pipecloud.fi\/wp-content\/uploads\/2021\/09\/Spool-Structure.png\" \/>\n\t<meta property=\"og:image:width\" content=\"2559\" \/>\n\t<meta property=\"og:image:height\" content=\"1302\" \/>\n\t<meta property=\"og:image:type\" content=\"image\/png\" \/>\n<meta name=\"twitter:card\" content=\"summary_large_image\" \/>\n<meta name=\"twitter:label1\" content=\"Gesch\u00e4tzte Lesezeit\" \/>\n\t<meta name=\"twitter:data1\" content=\"2\u00a0Minuten\" \/>\n<!-- \/ Yoast SEO plugin. -->","yoast_head_json":{"title":"Was ist Rohrvorfertigung? - PipeCloud","description":"PipeCloud verwandelt isometrische Zeichnungen in strukturierte Workflows und bringt die Effizienz der Massenfertigung in die Vorfertigung einzigartiger Rohrspools.","robots":{"index":"index","follow":"follow","max-snippet":"max-snippet:-1","max-image-preview":"max-image-preview:large","max-video-preview":"max-video-preview:-1"},"canonical":"https:\/\/pipecloud.fi\/de\/phasen\/","og_locale":"de_DE","og_type":"article","og_title":"Was ist Rohrvorfertigung? - PipeCloud","og_description":"PipeCloud verwandelt isometrische Zeichnungen in strukturierte Workflows und bringt die Effizienz der Massenfertigung in die Vorfertigung einzigartiger Rohrspools.","og_url":"https:\/\/pipecloud.fi\/de\/phasen\/","og_site_name":"PipeCloud","article_modified_time":"2026-04-14T08:46:49+00:00","og_image":[{"width":2559,"height":1302,"url":"https:\/\/pipecloud.fi\/wp-content\/uploads\/2021\/09\/Spool-Structure.png","type":"image\/png"}],"twitter_card":"summary_large_image","twitter_misc":{"Gesch\u00e4tzte Lesezeit":"2\u00a0Minuten"},"schema":{"@context":"https:\/\/schema.org","@graph":[{"@type":"WebPage","@id":"https:\/\/pipecloud.fi\/de\/phasen\/","url":"https:\/\/pipecloud.fi\/de\/phasen\/","name":"Was ist Rohrvorfertigung? - PipeCloud","isPartOf":{"@id":"https:\/\/pipecloud.fi\/de\/#website"},"primaryImageOfPage":{"@id":"https:\/\/pipecloud.fi\/de\/phasen\/#primaryimage"},"image":{"@id":"https:\/\/pipecloud.fi\/de\/phasen\/#primaryimage"},"thumbnailUrl":"https:\/\/pipecloud.fi\/wp-content\/uploads\/2021\/09\/Spool-Structure-1024x521.png","datePublished":"2021-08-27T12:20:49+00:00","dateModified":"2026-04-14T08:46:49+00:00","description":"PipeCloud verwandelt isometrische Zeichnungen in strukturierte Workflows und bringt die Effizienz der Massenfertigung in die Vorfertigung einzigartiger Rohrspools.","breadcrumb":{"@id":"https:\/\/pipecloud.fi\/de\/phasen\/#breadcrumb"},"inLanguage":"de","potentialAction":[{"@type":"ReadAction","target":["https:\/\/pipecloud.fi\/de\/phasen\/"]}]},{"@type":"ImageObject","inLanguage":"de","@id":"https:\/\/pipecloud.fi\/de\/phasen\/#primaryimage","url":"https:\/\/pipecloud.fi\/wp-content\/uploads\/2021\/09\/Spool-Structure-1024x521.png","contentUrl":"https:\/\/pipecloud.fi\/wp-content\/uploads\/2021\/09\/Spool-Structure-1024x521.png"},{"@type":"BreadcrumbList","@id":"https:\/\/pipecloud.fi\/de\/phasen\/#breadcrumb","itemListElement":[{"@type":"ListItem","position":1,"name":"Home","item":"https:\/\/pipecloud.fi\/de\/"},{"@type":"ListItem","position":2,"name":"Was ist Rohrvorfertigung?"}]},{"@type":"WebSite","@id":"https:\/\/pipecloud.fi\/de\/#website","url":"https:\/\/pipecloud.fi\/de\/","name":"PipeCloud","description":"PipeCloud is production software purpose-built for pipe prefabrication. PipeCloud helps workshops, shipyards, and EPCs boost productivity, reduce waste, and gain real-time control over their entire process through a centralized, cloud-hosted solution.","publisher":{"@id":"https:\/\/pipecloud.fi\/de\/#organization"},"potentialAction":[{"@type":"SearchAction","target":{"@type":"EntryPoint","urlTemplate":"https:\/\/pipecloud.fi\/de\/?s={search_term_string}"},"query-input":{"@type":"PropertyValueSpecification","valueRequired":true,"valueName":"search_term_string"}}],"inLanguage":"de"},{"@type":"Organization","@id":"https:\/\/pipecloud.fi\/de\/#organization","name":"PipeCloud OY","url":"https:\/\/pipecloud.fi\/de\/","logo":{"@type":"ImageObject","inLanguage":"de","@id":"https:\/\/pipecloud.fi\/de\/#\/schema\/logo\/image\/","url":"https:\/\/pipecloud.fi\/wp-content\/uploads\/2025\/12\/favicon.png","contentUrl":"https:\/\/pipecloud.fi\/wp-content\/uploads\/2025\/12\/favicon.png","width":512,"height":512,"caption":"PipeCloud OY"},"image":{"@id":"https:\/\/pipecloud.fi\/de\/#\/schema\/logo\/image\/"},"sameAs":["https:\/\/fi.linkedin.com\/company\/pipecloud","https:\/\/www.youtube.com\/channel\/UCAy3aDJZcw_wcpD4UQKi1yQ"]}]}},"featured_image_src":null,"featured_image_src_square":null,"_links":{"self":[{"href":"https:\/\/pipecloud.fi\/de\/wp-json\/wp\/v2\/pages\/3458","targetHints":{"allow":["GET"]}}],"collection":[{"href":"https:\/\/pipecloud.fi\/de\/wp-json\/wp\/v2\/pages"}],"about":[{"href":"https:\/\/pipecloud.fi\/de\/wp-json\/wp\/v2\/types\/page"}],"author":[{"embeddable":true,"href":"https:\/\/pipecloud.fi\/de\/wp-json\/wp\/v2\/users\/1"}],"replies":[{"embeddable":true,"href":"https:\/\/pipecloud.fi\/de\/wp-json\/wp\/v2\/comments?post=3458"}],"version-history":[{"count":0,"href":"https:\/\/pipecloud.fi\/de\/wp-json\/wp\/v2\/pages\/3458\/revisions"}],"wp:attachment":[{"href":"https:\/\/pipecloud.fi\/de\/wp-json\/wp\/v2\/media?parent=3458"}],"curies":[{"name":"wp","href":"https:\/\/api.w.org\/{rel}","templated":true}]}}