{"id":3640,"date":"2021-09-09T12:19:37","date_gmt":"2021-09-09T12:19:37","guid":{"rendered":"https:\/\/pipecloud.fi\/pipecloud-im-ueberblick\/"},"modified":"2026-04-16T07:42:19","modified_gmt":"2026-04-16T07:42:19","slug":"pipecloud-im-ueberblick","status":"publish","type":"page","link":"https:\/\/pipecloud.fi\/de\/pipecloud-im-ueberblick\/","title":{"rendered":"PipeCloud im \u00dcberblick"},"content":{"rendered":"\n<p>Die fortschreitende digitale Transformation der Fertigung betrifft alle Unternehmen, die ihre Wettbewerbsf\u00e4higkeit auf dem Markt erhalten wollen. F\u00fcr kleine und mittlere Unternehmen (KMU) m\u00f6gen intelligente Fertigungstrends, wie Industrie 4.0, zun\u00e4chst schwer verst\u00e4ndlich erscheinen, doch durch einen iterativen Ansatz zur kontinuierlichen Verbesserung, wie Lean Manufacturing, k\u00f6nnen kleinere Unternehmen ihre Agilit\u00e4t nutzen und sich anpassen, um die Erwartungen der Kunden zu erf\u00fcllen.  <\/p>\n\n<p>PipeCloud Oy ist ein Spinoff-Startup-Unternehmen, das seit Herbst 2018 aus der <a href=\"https:\/\/ardor.fi\/en\/\">ARDOR Oy<\/a> (ehemals Sihy Oy) hervorgegangen ist, welche 1988 gegr\u00fcndet wurde. ARDOR Oy ist ein professioneller Rohrhersteller mit Sitz in Raisio, Finnland. Der Kundenstamm umfasst Unternehmen der Schiffbauindustrie sowie der Prozess- und Petrochemie.  <\/p>\n\n<h2 class=\"wp-block-heading\"><strong>WAS IST PIPECLOUD?<\/strong><\/h2>\n\n<div class=\"wp-block-image\"><figure class=\"alignright size-full is-resized\"><img loading=\"lazy\" decoding=\"async\" src=\"https:\/\/pipecloud.fi\/wp-content\/uploads\/2021\/09\/image-1.png\" alt=\"\" class=\"wp-image-1483\" width=\"376\" height=\"201\" srcset=\"https:\/\/pipecloud.fi\/wp-content\/uploads\/2021\/09\/image-1.png 550w, https:\/\/pipecloud.fi\/wp-content\/uploads\/2021\/09\/image-1-300x160.png 300w\" sizes=\"auto, (max-width: 376px) 100vw, 376px\" \/><\/figure><\/div>\n\n<p>PipeCloud ist ein modulares, SaaS-basiertes System zur Fertigungssteuerung, Angebotskalkulation und Arbeitsaufwandssch\u00e4tzung f\u00fcr Rohrvorfertigungswerkst\u00e4tten. Es extrahiert Materialdaten aus verschiedenen technischen Datenquellen, wandelt diese in logische Spool-B\u00fcndel um, generiert Programme f\u00fcr Werkzeugmaschinen, weist Auftr\u00e4ge den Mitarbeitern zu und verfolgt den Fortschritt. <\/p>\n\n<h2 class=\"wp-block-heading\">WIE FUNKTIONIERT PIPECLOUD?<\/h2>\n\n<p>Die Herstellung einzigartiger Rohr-Spools war schon immer Handwerkskunst, die eine Armee talentierter Ingenieure und Stunden routinem\u00e4\u00dfiger Arbeitsplanung f\u00fcr den industriellen Ma\u00dfstab erforderte. Doch mit PipeCloud k\u00f6nnen Sie digitalisieren, was jahrzehntelang manuell erledigt wurde. <\/p>\n\n<p><strong>So geht&#8217;s:<\/strong><\/p>\n\n<p><a href=\"https:\/\/youtu.be\/UR8LhvBZDNA\">PipeCloud Erkl\u00e4rvideo<\/a><\/p>\n\n<p><a href=\"https:\/\/youtu.be\/WGixKKg6Ums\">PipeCloud mit Kemppi<\/a><\/p>\n\n<h2 class=\"wp-block-heading\">ARDOR STORY: VON DER EXTRAKTION VON INFORMATIONEN AUS ZEICHNUNGEN ZUR AUTOMATISCHEN WERKZEUGMASCHINENPROGRAMMIERUNG<\/h2>\n\n<div class=\"wp-block-image is-style-default\"><figure class=\"alignright size-full is-resized\"><img loading=\"lazy\" decoding=\"async\" src=\"https:\/\/pipecloud.fi\/wp-content\/uploads\/2021\/09\/image-3.png\" alt=\"\" class=\"wp-image-1498\" width=\"255\" height=\"383\" srcset=\"https:\/\/pipecloud.fi\/wp-content\/uploads\/2021\/09\/image-3.png 318w, https:\/\/pipecloud.fi\/wp-content\/uploads\/2021\/09\/image-3-200x300.png 200w, https:\/\/pipecloud.fi\/wp-content\/uploads\/2021\/09\/image-3-300x450.png 300w\" sizes=\"auto, (max-width: 255px) 100vw, 255px\" \/><\/figure><\/div>\n\n<p>Ardor begann seine Digitalisierungsreise im Jahr 2015 mit der Automatisierung der Extraktion von Schnittl\u00e4ngen und Biegewinkeln aus den Rohrzeichnungen. Nach einigen Hintergrundrecherchen wurde deutlich, dass das System durch die systematische Verarbeitung der verf\u00fcgbaren Daten nicht nur Listen zum Schneiden und Biegen erstellen, sondern auch zur Steuerung des Fertigungsprozesses und zur Generierung von Werkzeugmaschinenprogrammen genutzt werden k\u00f6nnte, wodurch eine Offline-Programmierung \u00fcberfl\u00fcssig wird. <\/p>\n\n<p>Durch die Behandlung jeder Fertigungsphase als unabh\u00e4ngigen Teilprozess k\u00f6nnen viele Merkmale der Serienproduktion implementiert werden: Massenproduktion von vorgeschnittenen Teilen, Biegen von Rohren gleicher Gr\u00f6\u00dfe in gro\u00dfen Chargen und Bereitstellung der ben\u00f6tigten Teile f\u00fcr die Montagephase. Unabh\u00e4ngige und optimierte Teilprozesse, von denen einige ausgelagert werden k\u00f6nnen, werden mit gr\u00f6\u00dferer Wahrscheinlichkeit Abfall reduzieren und effektiv auf sich \u00e4ndernde Nachfragesituationen reagieren k\u00f6nnen. Die Phasen der Rohrvorfertigung sind Schneiden, Plasmaschneiden, Biegen, Anpassen, Schwei\u00dfen, Roboterschwei\u00dfen, Materialkommissionierung, Oberfl\u00e4chenbehandlung, Druckpr\u00fcfungen, Lieferung usw.  <\/p>\n\n<p>ARDOR hat sein Rohrvorfertigungsgesch\u00e4ft mit PipeCloud neu gestaltet \u2013 Die wichtigsten Merkmale, die ARDOR sch\u00e4tzt:<\/p>\n\n<ul class=\"wp-block-list\"><li>Rohre werden sortiert, gekennzeichnet und gem\u00e4\u00df Bestellung gelagert<\/li><li>Rohre treffen just in time (JIT) f\u00fcr die Installation ein<\/li><li>Transparente und wettbewerbsf\u00e4hige St\u00fcckpreise<\/li><li>Weniger Fehler durch den automatisierten Arbeitsplanungsprozess<\/li><li>M\u00f6glichkeit zur Automatisierung von Bestellungen und Berichterstattung durch Systemintegration<\/li><li>Reduzierung des Materialverbrauchs durch effektive Rohrschachtelungsfunktion<\/li><li>Berichte zur Schwei\u00df- und Materialr\u00fcckverfolgbarkeit werden als Nebenprodukt erstellt<\/li><\/ul>\n\n<div class=\"wp-block-image is-style-default\"><figure class=\"alignleft size-full is-resized\"><img loading=\"lazy\" decoding=\"async\" src=\"https:\/\/pipecloud.fi\/wp-content\/uploads\/2021\/09\/image-2.png\" alt=\"\" class=\"wp-image-1497\" width=\"454\" height=\"211\" srcset=\"https:\/\/pipecloud.fi\/wp-content\/uploads\/2021\/09\/image-2.png 717w, https:\/\/pipecloud.fi\/wp-content\/uploads\/2021\/09\/image-2-300x140.png 300w\" sizes=\"auto, (max-width: 454px) 100vw, 454px\" \/><\/figure><\/div>\n\n<p>Zur Unterst\u00fctzung des neuen Modells bauten PipeCloud und ARDOR ein Manufacturing Execution System (MES), das die ben\u00f6tigten Informationen f\u00fcr jede Fertigungsphase bereitstellt. Das MES kann auch verwendet werden, um Mitarbeitern Aufgaben zuzuweisen, den Arbeitsfortschritt zu verfolgen und als Kommunikations- und Logistikplattform zwischen den Phasen zu fungieren. <\/p>\n\n<p>Die Stapelverarbeitung von PCFs, das B\u00fcndeln von Spools und die Verwendung computergest\u00fctzter Arbeitsauftr\u00e4ge hat sich als wesentlich effektiver erwiesen als die alte Methode, Papierzeichnungen auszuh\u00e4ndigen und Schnittlisten sowie andere erg\u00e4nzende Dokumente von Hand zu erstellen. Die gr\u00f6\u00dfte einzelne Ver\u00e4nderung in den t\u00e4glichen Abl\u00e4ufen war der erheblich einfachere Arbeitsplanungsprozess, bei dem PipeCloud kontinuierlich mit Optimierungsfunktionen verbessert wird. Als Ergebnis wurden sowohl in der Arbeitsplanung als auch in der Werkstatt erhebliche Einsparungen erzielt. Weitere Vorteile waren eine hohe Produktionsqualit\u00e4t, die Vermeidung manueller Fehler bei der Arbeitsplanung, die Reduzierung von Materialabf\u00e4llen, eine hohe Gesamtanlageneffektivit\u00e4t, Transparenz gegen\u00fcber den Kunden und eine genauere Ressourcenplanung.   <\/p>\n","protected":false},"excerpt":{"rendered":"<p>Die fortschreitende digitale Transformation der Fertigung betrifft alle Unternehmen, die ihre Wettbewerbsf\u00e4higkeit auf dem Markt erhalten wollen. F\u00fcr kleine und mittlere Unternehmen (KMU) m\u00f6gen intelligente &hellip;<\/p>\n","protected":false},"author":4,"featured_media":0,"parent":0,"menu_order":0,"comment_status":"closed","ping_status":"closed","template":"","meta":{"_acf_changed":false,"_improvement_type_select":"improve_an_existing","_thumb_yes_seoaic":false,"_frame_yes_seoaic":false,"seoaic_generate_description":"","seoaic_improve_instructions_prompt":"","seoaic_rollback_content_improvement":"","seoaic_idea_thumbnail_generator":"","thumbnail_generated":false,"thumbnail_generate_prompt":"","seoaic_article_description":"","inline_featured_image":false,"_genesis_block_theme_hide_title":false,"footnotes":""},"class_list":["post-3640","page","type-page","status-publish","hentry","post","without-featured-image"],"acf":[],"yoast_head":"<!-- This site is optimized with the Yoast SEO plugin v27.4 - https:\/\/yoast.com\/product\/yoast-seo-wordpress\/ -->\n<title>PipeCloud im \u00dcberblick - PipeCloud<\/title>\n<meta name=\"robots\" content=\"index, follow, max-snippet:-1, max-image-preview:large, max-video-preview:-1\" \/>\n<link rel=\"canonical\" href=\"https:\/\/pipecloud.fi\/de\/pipecloud-im-ueberblick\/\" \/>\n<meta property=\"og:locale\" content=\"de_DE\" \/>\n<meta property=\"og:type\" content=\"article\" \/>\n<meta property=\"og:title\" content=\"PipeCloud im \u00dcberblick - PipeCloud\" \/>\n<meta property=\"og:description\" content=\"Die fortschreitende digitale Transformation der Fertigung betrifft alle Unternehmen, die ihre Wettbewerbsf\u00e4higkeit auf dem Markt erhalten wollen. F\u00fcr kleine und mittlere Unternehmen (KMU) m\u00f6gen intelligente &hellip;\" \/>\n<meta property=\"og:url\" content=\"https:\/\/pipecloud.fi\/de\/pipecloud-im-ueberblick\/\" \/>\n<meta property=\"og:site_name\" content=\"PipeCloud\" \/>\n<meta property=\"article:modified_time\" content=\"2026-04-16T07:42:19+00:00\" \/>\n<meta property=\"og:image\" content=\"https:\/\/pipecloud.fi\/wp-content\/uploads\/2021\/09\/image-1.png\" \/>\n\t<meta property=\"og:image:width\" content=\"550\" \/>\n\t<meta property=\"og:image:height\" content=\"294\" \/>\n\t<meta property=\"og:image:type\" content=\"image\/png\" \/>\n<meta name=\"twitter:card\" content=\"summary_large_image\" \/>\n<meta name=\"twitter:label1\" content=\"Gesch\u00e4tzte Lesezeit\" \/>\n\t<meta name=\"twitter:data1\" content=\"3\u00a0Minuten\" \/>\n<!-- \/ Yoast SEO plugin. -->","yoast_head_json":{"title":"PipeCloud im \u00dcberblick - PipeCloud","robots":{"index":"index","follow":"follow","max-snippet":"max-snippet:-1","max-image-preview":"max-image-preview:large","max-video-preview":"max-video-preview:-1"},"canonical":"https:\/\/pipecloud.fi\/de\/pipecloud-im-ueberblick\/","og_locale":"de_DE","og_type":"article","og_title":"PipeCloud im \u00dcberblick - PipeCloud","og_description":"Die fortschreitende digitale Transformation der Fertigung betrifft alle Unternehmen, die ihre Wettbewerbsf\u00e4higkeit auf dem Markt erhalten wollen. F\u00fcr kleine und mittlere Unternehmen (KMU) m\u00f6gen intelligente &hellip;","og_url":"https:\/\/pipecloud.fi\/de\/pipecloud-im-ueberblick\/","og_site_name":"PipeCloud","article_modified_time":"2026-04-16T07:42:19+00:00","og_image":[{"width":550,"height":294,"url":"https:\/\/pipecloud.fi\/wp-content\/uploads\/2021\/09\/image-1.png","type":"image\/png"}],"twitter_card":"summary_large_image","twitter_misc":{"Gesch\u00e4tzte Lesezeit":"3\u00a0Minuten"},"schema":{"@context":"https:\/\/schema.org","@graph":[{"@type":"WebPage","@id":"https:\/\/pipecloud.fi\/de\/pipecloud-im-ueberblick\/","url":"https:\/\/pipecloud.fi\/de\/pipecloud-im-ueberblick\/","name":"PipeCloud im \u00dcberblick - PipeCloud","isPartOf":{"@id":"https:\/\/pipecloud.fi\/de\/#website"},"primaryImageOfPage":{"@id":"https:\/\/pipecloud.fi\/de\/pipecloud-im-ueberblick\/#primaryimage"},"image":{"@id":"https:\/\/pipecloud.fi\/de\/pipecloud-im-ueberblick\/#primaryimage"},"thumbnailUrl":"https:\/\/pipecloud.fi\/wp-content\/uploads\/2021\/09\/image-1.png","datePublished":"2021-09-09T12:19:37+00:00","dateModified":"2026-04-16T07:42:19+00:00","breadcrumb":{"@id":"https:\/\/pipecloud.fi\/de\/pipecloud-im-ueberblick\/#breadcrumb"},"inLanguage":"de","potentialAction":[{"@type":"ReadAction","target":["https:\/\/pipecloud.fi\/de\/pipecloud-im-ueberblick\/"]}]},{"@type":"ImageObject","inLanguage":"de","@id":"https:\/\/pipecloud.fi\/de\/pipecloud-im-ueberblick\/#primaryimage","url":"https:\/\/pipecloud.fi\/wp-content\/uploads\/2021\/09\/image-1.png","contentUrl":"https:\/\/pipecloud.fi\/wp-content\/uploads\/2021\/09\/image-1.png"},{"@type":"BreadcrumbList","@id":"https:\/\/pipecloud.fi\/de\/pipecloud-im-ueberblick\/#breadcrumb","itemListElement":[{"@type":"ListItem","position":1,"name":"Home","item":"https:\/\/pipecloud.fi\/de\/"},{"@type":"ListItem","position":2,"name":"PipeCloud im \u00dcberblick"}]},{"@type":"WebSite","@id":"https:\/\/pipecloud.fi\/de\/#website","url":"https:\/\/pipecloud.fi\/de\/","name":"PipeCloud","description":"PipeCloud is production software purpose-built for pipe prefabrication. PipeCloud helps workshops, shipyards, and EPCs boost productivity, reduce waste, and gain real-time control over their entire process through a centralized, cloud-hosted solution.","publisher":{"@id":"https:\/\/pipecloud.fi\/de\/#organization"},"potentialAction":[{"@type":"SearchAction","target":{"@type":"EntryPoint","urlTemplate":"https:\/\/pipecloud.fi\/de\/?s={search_term_string}"},"query-input":{"@type":"PropertyValueSpecification","valueRequired":true,"valueName":"search_term_string"}}],"inLanguage":"de"},{"@type":"Organization","@id":"https:\/\/pipecloud.fi\/de\/#organization","name":"PipeCloud OY","url":"https:\/\/pipecloud.fi\/de\/","logo":{"@type":"ImageObject","inLanguage":"de","@id":"https:\/\/pipecloud.fi\/de\/#\/schema\/logo\/image\/","url":"https:\/\/pipecloud.fi\/wp-content\/uploads\/2025\/12\/favicon.png","contentUrl":"https:\/\/pipecloud.fi\/wp-content\/uploads\/2025\/12\/favicon.png","width":512,"height":512,"caption":"PipeCloud OY"},"image":{"@id":"https:\/\/pipecloud.fi\/de\/#\/schema\/logo\/image\/"},"sameAs":["https:\/\/fi.linkedin.com\/company\/pipecloud","https:\/\/www.youtube.com\/channel\/UCAy3aDJZcw_wcpD4UQKi1yQ"]}]}},"featured_image_src":null,"featured_image_src_square":null,"_links":{"self":[{"href":"https:\/\/pipecloud.fi\/de\/wp-json\/wp\/v2\/pages\/3640","targetHints":{"allow":["GET"]}}],"collection":[{"href":"https:\/\/pipecloud.fi\/de\/wp-json\/wp\/v2\/pages"}],"about":[{"href":"https:\/\/pipecloud.fi\/de\/wp-json\/wp\/v2\/types\/page"}],"author":[{"embeddable":true,"href":"https:\/\/pipecloud.fi\/de\/wp-json\/wp\/v2\/users\/4"}],"replies":[{"embeddable":true,"href":"https:\/\/pipecloud.fi\/de\/wp-json\/wp\/v2\/comments?post=3640"}],"version-history":[{"count":0,"href":"https:\/\/pipecloud.fi\/de\/wp-json\/wp\/v2\/pages\/3640\/revisions"}],"wp:attachment":[{"href":"https:\/\/pipecloud.fi\/de\/wp-json\/wp\/v2\/media?parent=3640"}],"curies":[{"name":"wp","href":"https:\/\/api.w.org\/{rel}","templated":true}]}}